{"id":10436,"date":"2024-02-17T21:11:11","date_gmt":"2024-02-17T21:11:11","guid":{"rendered":"https:\/\/accionmk.accionmk.com\/?page_id=10436"},"modified":"2024-03-21T08:50:53","modified_gmt":"2024-03-21T08:50:53","slug":"aviso-legal","status":"publish","type":"page","link":"https:\/\/accionmk.accionmk.com\/en\/legal-notice\/","title":{"rendered":"Legal Notice"},"content":{"rendered":"<div data-elementor-type=\"wp-page\" data-elementor-id=\"10436\" class=\"elementor elementor-10436\" data-elementor-post-type=\"page\">\n\t\t\t\t<div class=\"elementor-element elementor-element-18c7dce e-flex e-con-boxed e-con e-parent\" data-id=\"18c7dce\" data-element_type=\"container\" data-settings=\"{&quot;background_background&quot;:&quot;classic&quot;,&quot;jet_parallax_layout_list&quot;:[]}\" data-core-v316-plus=\"true\">\n\t\t\t\t\t<div class=\"e-con-inner\">\n\t\t\t\t<div class=\"elementor-element elementor-element-426a359 elementor-widget elementor-widget-heading\" data-id=\"426a359\" data-element_type=\"widget\" data-widget_type=\"heading.default\">\n\t\t\t\t<div class=\"elementor-widget-container\">\n\t\t\t<style>\/*! elementor - v3.20.0 - 10-04-2024 *\/\n.elementor-heading-title{padding:0;margin:0;line-height:1}.elementor-widget-heading .elementor-heading-title[class*=elementor-size-]>a{color:inherit;font-size:inherit;line-height:inherit}.elementor-widget-heading .elementor-heading-title.elementor-size-small{font-size:15px}.elementor-widget-heading .elementor-heading-title.elementor-size-medium{font-size:19px}.elementor-widget-heading .elementor-heading-title.elementor-size-large{font-size:29px}.elementor-widget-heading .elementor-heading-title.elementor-size-xl{font-size:39px}.elementor-widget-heading .elementor-heading-title.elementor-size-xxl{font-size:59px}<\/style><h2 class=\"elementor-heading-title elementor-size-default\">Legal Notice<\/h2>\t\t<\/div>\n\t\t\t\t<\/div>\n\t\t\t\t\t<\/div>\n\t\t\t\t<\/div>\n\t\t<div class=\"elementor-element elementor-element-18586df e-flex e-con-boxed e-con e-parent\" data-id=\"18586df\" data-element_type=\"container\" data-settings=\"{&quot;jet_parallax_layout_list&quot;:[]}\" data-core-v316-plus=\"true\">\n\t\t\t\t\t<div class=\"e-con-inner\">\n\t\t\t\t<div class=\"elementor-element elementor-element-7c86f81 elementor-widget elementor-widget-text-editor\" data-id=\"7c86f81\" data-element_type=\"widget\" data-widget_type=\"text-editor.default\">\n\t\t\t\t<div class=\"elementor-widget-container\">\n\t\t\t<style>\/*! elementor - v3.20.0 - 10-04-2024 *\/\n.elementor-widget-text-editor.elementor-drop-cap-view-stacked .elementor-drop-cap{background-color:#69727d;color:#fff}.elementor-widget-text-editor.elementor-drop-cap-view-framed .elementor-drop-cap{color:#69727d;border:3px solid;background-color:transparent}.elementor-widget-text-editor:not(.elementor-drop-cap-view-default) .elementor-drop-cap{margin-top:8px}.elementor-widget-text-editor:not(.elementor-drop-cap-view-default) .elementor-drop-cap-letter{width:1em;height:1em}.elementor-widget-text-editor .elementor-drop-cap{float:left;text-align:center;line-height:1;font-size:50px}.elementor-widget-text-editor .elementor-drop-cap-letter{display:inline-block}<\/style>\t\t\t\t<div class=\"wpb_text_column wpb_content_element\"><div class=\"wpb_wrapper\"><p>\"In compliance with the General Data Protection Regulation (EU) 2016\/679 of the European Parliament and of the Council of 27 April 2016 and the Organic Law 3\/2018 of 5 December on the Protection of Personal Data and the Guarantee of Digital Rights, we inform you that the data provided by you will be processed by ASESORIA Y CONSULTORIA DE COMERCIALIZACION Y MARKETING S.L., with registered office in MALAGA (MALAGA), Spain. provided will be processed by ASESORIA Y CONSULTORIA DE COMERCIALIZACION Y MARKETING S.L. with CIF B92461185, with address in MALAGA (MALAGA), C.P. 29005, CALLE SALVAGO N\u00ba 2, PLANTA 3\u00ba, PUERTA D 2 , in order to provide you with the requested and\/or contracted service, to carry out the invoicing of the same.<\/p><p>The legal basis for the processing of your data is the execution of the service contracted and\/or requested by you. The prospective offer of products and services is based on the consent requested from you, without the withdrawal of this consent in any case conditioning the execution of the contract.<\/p><p>The data provided will be kept for as long as the business relationship is maintained or for the years necessary to comply with legal obligations. The data will not be passed on to third parties except in cases where there is a legal obligation.<\/p><p>You have the right to obtain confirmation as to whether ASESORIA Y CONSULTORIA DE COMERCIALIZACION Y MARKETING S.L. is processing your personal data and therefore you have the right to exercise your rights of access, rectification, limitation of processing, portability, opposition to processing and deletion of your data by writing to the above postal address or e-mail address administracion@accionmk.com, attaching a copy of your ID card in both cases, as well as the right to lodge a complaint with the Supervisory Authority (aepd.es).<\/p><p>We also request your authorisation to offer you products and services related to those requested, provided and\/or marketed by our entity and thus be able to retain you as a customer.<\/p><\/div><\/div>\t\t\t\t\t\t<\/div>\n\t\t\t\t<\/div>\n\t\t\t\t\t<\/div>\n\t\t\t\t<\/div>\n\t\t\t\t<\/div>","protected":false},"excerpt":{"rendered":"<p>\u00abEn cumplimiento del Reglamento General de Protecci\u00f3n de Datos (UE) 2016\/679 del Parlamento Europeo y del Consejo de 27 de abril de 2016 y la ley org\u00e1nica 3\/2018 de 5 de diciembre de Protecci\u00f3n de Datos Personales y de Garant\u00eda de los Derechos Digitales le informamos que los datos por Vd. proporcionados ser\u00e1n objeto de [&hellip;]<\/p>","protected":false},"author":1,"featured_media":0,"parent":0,"menu_order":0,"comment_status":"closed","ping_status":"closed","template":"","meta":{"footnotes":""},"categories":[],"tags":[],"class_list":["post-10436","page","type-page","status-publish","hentry"],"_links":{"self":[{"href":"https:\/\/accionmk.accionmk.com\/en\/wp-json\/wp\/v2\/pages\/10436","targetHints":{"allow":["GET"]}}],"collection":[{"href":"https:\/\/accionmk.accionmk.com\/en\/wp-json\/wp\/v2\/pages"}],"about":[{"href":"https:\/\/accionmk.accionmk.com\/en\/wp-json\/wp\/v2\/types\/page"}],"author":[{"embeddable":true,"href":"https:\/\/accionmk.accionmk.com\/en\/wp-json\/wp\/v2\/users\/1"}],"replies":[{"embeddable":true,"href":"https:\/\/accionmk.accionmk.com\/en\/wp-json\/wp\/v2\/comments?post=10436"}],"version-history":[{"count":7,"href":"https:\/\/accionmk.accionmk.com\/en\/wp-json\/wp\/v2\/pages\/10436\/revisions"}],"predecessor-version":[{"id":11990,"href":"https:\/\/accionmk.accionmk.com\/en\/wp-json\/wp\/v2\/pages\/10436\/revisions\/11990"}],"wp:attachment":[{"href":"https:\/\/accionmk.accionmk.com\/en\/wp-json\/wp\/v2\/media?parent=10436"}],"wp:term":[{"taxonomy":"category","embeddable":true,"href":"https:\/\/accionmk.accionmk.com\/en\/wp-json\/wp\/v2\/categories?post=10436"},{"taxonomy":"post_tag","embeddable":true,"href":"https:\/\/accionmk.accionmk.com\/en\/wp-json\/wp\/v2\/tags?post=10436"}],"curies":[{"name":"wp","href":"https:\/\/api.w.org\/{rel}","templated":true}]}}