{"id":10132,"date":"2023-10-09T18:18:34","date_gmt":"2023-10-09T18:18:34","guid":{"rendered":"https:\/\/accionmk.accionmk.com\/?page_id=10132"},"modified":"2024-02-17T21:49:59","modified_gmt":"2024-02-17T21:49:59","slug":"politica-de-cookies","status":"publish","type":"page","link":"https:\/\/accionmk.accionmk.com\/fr\/politique-en-matiere-de-cookies\/","title":{"rendered":"Politique en mati\u00e8re de cookies"},"content":{"rendered":"<div data-elementor-type=\"wp-page\" data-elementor-id=\"10132\" class=\"elementor elementor-10132\" data-elementor-post-type=\"page\">\n\t\t\t\t<div class=\"elementor-element elementor-element-39c5146 e-flex e-con-boxed e-con e-parent\" data-id=\"39c5146\" data-element_type=\"container\" data-settings=\"{&quot;background_background&quot;:&quot;classic&quot;,&quot;jet_parallax_layout_list&quot;:[]}\" data-core-v316-plus=\"true\">\n\t\t\t\t\t<div class=\"e-con-inner\">\n\t\t\t\t<div class=\"elementor-element elementor-element-1e93e29 elementor-widget elementor-widget-heading\" data-id=\"1e93e29\" data-element_type=\"widget\" data-widget_type=\"heading.default\">\n\t\t\t\t<div class=\"elementor-widget-container\">\n\t\t\t<style>\/*! elementor - v3.20.0 - 10-04-2024 *\/\n.elementor-heading-title{padding:0;margin:0;line-height:1}.elementor-widget-heading .elementor-heading-title[class*=elementor-size-]>a{color:inherit;font-size:inherit;line-height:inherit}.elementor-widget-heading .elementor-heading-title.elementor-size-small{font-size:15px}.elementor-widget-heading .elementor-heading-title.elementor-size-medium{font-size:19px}.elementor-widget-heading .elementor-heading-title.elementor-size-large{font-size:29px}.elementor-widget-heading .elementor-heading-title.elementor-size-xl{font-size:39px}.elementor-widget-heading .elementor-heading-title.elementor-size-xxl{font-size:59px}<\/style><h2 class=\"elementor-heading-title elementor-size-default\">Politique en mati\u00e8re de cookies<\/h2>\t\t<\/div>\n\t\t\t\t<\/div>\n\t\t\t\t\t<\/div>\n\t\t\t\t<\/div>\n\t\t<div class=\"elementor-element elementor-element-69694de e-flex e-con-boxed e-con e-parent\" data-id=\"69694de\" data-element_type=\"container\" data-settings=\"{&quot;jet_parallax_layout_list&quot;:[]}\" data-core-v316-plus=\"true\">\n\t\t\t\t\t<div class=\"e-con-inner\">\n\t\t\t\t<div class=\"elementor-element elementor-element-2dc2e06 elementor-widget elementor-widget-text-editor\" data-id=\"2dc2e06\" data-element_type=\"widget\" data-widget_type=\"text-editor.default\">\n\t\t\t\t<div class=\"elementor-widget-container\">\n\t\t\t<style>\/*! elementor - v3.20.0 - 10-04-2024 *\/\n.elementor-widget-text-editor.elementor-drop-cap-view-stacked .elementor-drop-cap{background-color:#69727d;color:#fff}.elementor-widget-text-editor.elementor-drop-cap-view-framed .elementor-drop-cap{color:#69727d;border:3px solid;background-color:transparent}.elementor-widget-text-editor:not(.elementor-drop-cap-view-default) .elementor-drop-cap{margin-top:8px}.elementor-widget-text-editor:not(.elementor-drop-cap-view-default) .elementor-drop-cap-letter{width:1em;height:1em}.elementor-widget-text-editor .elementor-drop-cap{float:left;text-align:center;line-height:1;font-size:50px}.elementor-widget-text-editor .elementor-drop-cap-letter{display:inline-block}<\/style>\t\t\t\t<div class=\"wpb_text_column wpb_content_element\"><div class=\"wpb_wrapper\"><div class=\"wpb_text_column wpb_content_element\"><div class=\"wpb_wrapper\"><h2>Qu'est-ce qu'un cookie ?<\/h2><p>A <em>biscuit<\/em> est un fichier texte <b>inoffensif<\/b> qui est stock\u00e9 dans votre navigateur lorsque vous visitez presque n'importe quel site web. L'utilit\u00e9 des <em>biscuit<\/em> est que le site web est capable de se souvenir de votre visite lorsque vous revenez sur cette page. Bien que de nombreuses personnes ignorent que <em>biscuits<\/em> sont utilis\u00e9s depuis 20 ans, lorsque les premiers navigateurs pour le World Wide Web sont apparus.<\/p><h2>Qu'est-ce qui n'est PAS un biscuit ?<\/h2><p>Il ne s'agit pas d'un virus, d'un cheval de Troie, d'un ver, d'un spam, d'un logiciel espion ou d'une fen\u00eatre contextuelle.<\/p><h2>Quelles sont les informations stock\u00e9es dans un <em>biscuit<\/em>?<\/h2><p>Les <em>biscuits<\/em> ne stockent g\u00e9n\u00e9ralement pas d'informations sensibles vous concernant, telles que votre carte de cr\u00e9dit ou vos coordonn\u00e9es bancaires, des photographies, votre identit\u00e9 ou des informations personnelles, etc. Les donn\u00e9es qu'ils stockent sont de nature technique, pr\u00e9f\u00e9rences personnelles, personnalisation du contenu, etc.<\/p><p>Le serveur web ne vous associe pas en tant que personne, mais votre navigateur web. En fait, si vous naviguez habituellement avec Internet Explorer et que vous essayez de naviguer sur le m\u00eame site web avec Firefox ou Chrome, vous verrez que le web ne se rend pas compte que vous \u00eates la m\u00eame personne parce qu'il associe en fait le navigateur, et non la personne.<\/p><h2>Quel type de <em>biscuits<\/em> existent-ils ?<\/h2><ul><li><em>Cookies<\/em> techniques : ce sont les plus \u00e9l\u00e9mentaires et elles permettent, entre autres, de savoir quand un humain ou une application automatis\u00e9e navigue, quand un utilisateur anonyme et un utilisateur enregistr\u00e9 naviguent, des t\u00e2ches de base pour le fonctionnement de tout site web dynamique.<\/li><li><em>Cookies<\/em> analyse : ils recueillent des informations sur le type de navigation que vous effectuez, les rubriques que vous utilisez le plus, les produits consult\u00e9s, l'heure d'utilisation, la langue, etc.<\/li><li><em>Cookies<\/em> publicit\u00e9 : ils affichent de la publicit\u00e9 en fonction de vos habitudes de navigation, de votre pays d'origine, de votre langue, etc.<\/li><\/ul><h2>Quels sont les <em>biscuits<\/em> et ceux des tiers ?<\/h2><p>Les <em>propres biscuits<\/em> sont celles g\u00e9n\u00e9r\u00e9es par la page que vous visitez et celles g\u00e9n\u00e9r\u00e9es par le programme <em>des tiers<\/em> sont celles g\u00e9n\u00e9r\u00e9es par des services ou fournisseurs externes tels que Facebook, Twitter, Google, etc.<\/p><h2>Que se passe-t-il si je d\u00e9sactive le <em>biscuits<\/em>?<\/h2><p>Pour que vous compreniez la port\u00e9e de la d\u00e9sactivation de la <em>biscuits<\/em> Voici quelques exemples :<\/p><ul><li>Vous ne pouvez pas partager le contenu de ce site web sur Facebook, Twitter ou tout autre r\u00e9seau social.<\/li><li>Le site web ne sera pas en mesure d'adapter le contenu \u00e0 vos pr\u00e9f\u00e9rences personnelles, comme c'est souvent le cas pour les boutiques en ligne.<\/li><li>Vous ne pourrez pas acc\u00e9der \u00e0 la zone personnelle de ce site web, par exemple <em>Mon compte<\/em>, o <em>Mon profil<\/em> o <em>Mes commandes<\/em>.<\/li><li>Magasins en ligne : il vous sera impossible de faire des achats en ligne, vous devrez le faire par t\u00e9l\u00e9phone ou en vous rendant dans le magasin physique si vous en avez un.<\/li><li>Il ne sera pas possible de personnaliser vos pr\u00e9f\u00e9rences g\u00e9ographiques telles que le fuseau horaire, la devise ou la langue.<\/li><li>Le site web ne sera pas en mesure d'effectuer des analyses sur les visiteurs et le trafic web, ce qui rendra le site web difficilement comp\u00e9titif.<\/li><li>Vous ne pourrez pas \u00e9crire sur le blog, t\u00e9l\u00e9charger des photos, publier des commentaires, \u00e9valuer ou noter le contenu. Le site web ne pourra pas savoir si vous \u00eates un humain ou une application automatis\u00e9e qui publie du contenu. <em>spam<\/em>.<\/li><li>Il ne sera pas possible d'afficher de la publicit\u00e9 cibl\u00e9e, ce qui r\u00e9duira les recettes publicitaires du site web.<\/li><li>Tous les r\u00e9seaux sociaux utilisent <em>biscuits<\/em>Si vous les d\u00e9sactivez, vous ne pourrez utiliser aucun r\u00e9seau social.<\/li><\/ul><h2>Le <em>biscuits<\/em>?<\/h2><p>Oui, non seulement supprimer, mais aussi bloquer, soit de mani\u00e8re g\u00e9n\u00e9rale, soit pour un domaine sp\u00e9cifique.<\/p><p>Pour retirer le <em>biscuits<\/em> Si vous n'avez pas de nom de domaine, vous devez aller dans les param\u00e8tres de votre navigateur et rechercher ceux qui sont associ\u00e9s au domaine en question et proc\u00e9der \u00e0 leur suppression.<\/p><h2 id=\"navegadores\">Configuration de la <em>biscuits<\/em> pour les navigateurs les plus populaires<\/h2><p>Voici comment acc\u00e9der \u00e0 un <em>biscuit<\/em> d\u00e9termin\u00e9 par le navigateur <b>Chrome<\/b>. Note : Ces \u00e9tapes peuvent varier en fonction de la version de votre navigateur :<\/p><ol><li>Allez dans Param\u00e8tres ou Pr\u00e9f\u00e9rences via le menu Fichier ou en cliquant sur l'ic\u00f4ne de personnalisation en haut \u00e0 droite.<\/li><li>Vous verrez diff\u00e9rentes sections, cliquez sur l'option <em>Afficher les options avanc\u00e9es<\/em>.<\/li><li>Aller \u00e0 <em>Vie priv\u00e9e<\/em>, <em>Configuration du contenu<\/em>.<\/li><li>S\u00e9lectionner <em>Tous les cookies et donn\u00e9es du site<\/em>.<\/li><li>Une liste s'affiche avec tous les <em>biscuits<\/em> class\u00e9s par domaine. Pour faciliter la recherche des <em>biscuits<\/em> pour un domaine donn\u00e9, saisissez tout ou partie de l'adresse dans le champ <em>Recherche de cookies<\/em>.<\/li><li>Apr\u00e8s avoir effectu\u00e9 ce filtre, une ou plusieurs lignes appara\u00eetront \u00e0 l'\u00e9cran avec la mention <em>biscuits<\/em> du site web demand\u00e9. Il ne vous reste plus qu'\u00e0 le s\u00e9lectionner et \u00e0 appuyer sur la touche <em>X<\/em> de proc\u00e9der \u00e0 leur \u00e9limination.<\/li><\/ol><p>Pour acc\u00e9der \u00e0 la configuration de <em>biscuits<\/em> du navigateur <b>Internet Explorer<\/b> suivez les \u00e9tapes suivantes (elles peuvent varier en fonction de la version du navigateur) :<\/p><ol><li>Aller \u00e0 <em>Outils<\/em>, <em>Options Internet<\/em><\/li><li>Cliquez sur <em>Vie priv\u00e9e<\/em>.<\/li><li>D\u00e9placez le curseur pour d\u00e9finir le niveau de confidentialit\u00e9 souhait\u00e9.<\/li><\/ol><p>Pour acc\u00e9der \u00e0 la configuration de <em>biscuits<\/em> du navigateur <b>Firefox<\/b> suivez les \u00e9tapes suivantes (elles peuvent varier en fonction de la version du navigateur) :<\/p><ol><li>Aller \u00e0 <em>Options<\/em> o <em>Pr\u00e9f\u00e9rences<\/em> en fonction de votre syst\u00e8me d'exploitation.<\/li><li>Cliquez sur <em>Vie priv\u00e9e<\/em>.<\/li><li>Au <em>L'histoire<\/em> choisir <em>Utiliser des param\u00e8tres personnalis\u00e9s pour l'historique<\/em>.<\/li><li>Vous verrez maintenant l'option <em>Accepter les cookies<\/em>Vous pouvez l'activer ou le d\u00e9sactiver selon vos pr\u00e9f\u00e9rences.<\/li><\/ol><p>Pour acc\u00e9der \u00e0 la configuration de <em>biscuits<\/em> du navigateur <b>Safari pour OSX<\/b> suivez les \u00e9tapes suivantes (elles peuvent varier en fonction de la version du navigateur) :<\/p><ol><li>Aller \u00e0 <em>Pr\u00e9f\u00e9rences<\/em>puis <em>Vie priv\u00e9e<\/em>.<\/li><li>Vous verrez ici l'option <em>Bloquer les cookies<\/em> pour d\u00e9finir le type de blocage que vous souhaitez effectuer.<\/li><\/ol><p>Pour acc\u00e9der \u00e0 la configuration de <em>biscuits<\/em> du navigateur <b>Safari pour iOS<\/b> suivez les \u00e9tapes suivantes (elles peuvent varier en fonction de la version du navigateur) :<\/p><ol><li>Aller \u00e0 <em>Ajustements<\/em>puis <em>Safari<\/em>.<\/li><li>Aller \u00e0 <em>Vie priv\u00e9e et s\u00e9curit\u00e9<\/em>vous verrez l'option <em>Bloquer les cookies<\/em> pour d\u00e9finir le type de blocage que vous souhaitez effectuer.<\/li><\/ol><p>Pour acc\u00e9der \u00e0 la configuration de <em>biscuits<\/em> du navigateur pour les appareils <b>Android<\/b> suivez les \u00e9tapes suivantes (elles peuvent varier en fonction de la version du navigateur) :<\/p><ol><li>Lancez le navigateur et appuyez sur la touche <em>Menu<\/em>puis <em>Ajustements<\/em>.<\/li><li>Aller \u00e0 <em>S\u00e9curit\u00e9 et vie priv\u00e9e<\/em>vous verrez l'option <em>Accepter les cookies<\/em> pour cocher ou d\u00e9cocher la case.<\/li><\/ol><p>Pour acc\u00e9der \u00e0 la configuration de <em>biscuits<\/em> du navigateur pour les appareils <b>Windows Phone<\/b> suivez les \u00e9tapes suivantes (elles peuvent varier en fonction de la version du navigateur) :<\/p><ol><li>Ouvrir <em>Internet Explorer<\/em>puis <em>Plus d'informations<\/em>puis <em>Configuration<\/em><\/li><li>Vous pouvez maintenant activer ou d\u00e9sactiver le <em>Autoriser les cookies<\/em>.<\/li><\/ol><\/div><\/div><\/div><\/div>\t\t\t\t\t\t<\/div>\n\t\t\t\t<\/div>\n\t\t\t\t\t<\/div>\n\t\t\t\t<\/div>\n\t\t\t\t<\/div>","protected":false},"excerpt":{"rendered":"<p>\u00bfQu\u00e9 es una cookie? Una cookie es un fichero de texto inofensivo que se almacena en su navegador cuando visita casi cualquier p\u00e1gina web. La utilidad de la cookie es que la web sea capaz de recordar su visita cuando vuelva a navegar por esa p\u00e1gina. Aunque mucha gente no lo sabe las cookies se [&hellip;]<\/p>","protected":false},"author":1,"featured_media":0,"parent":0,"menu_order":0,"comment_status":"closed","ping_status":"closed","template":"","meta":{"footnotes":""},"categories":[],"tags":[],"class_list":["post-10132","page","type-page","status-publish","hentry"],"_links":{"self":[{"href":"https:\/\/accionmk.accionmk.com\/fr\/wp-json\/wp\/v2\/pages\/10132","targetHints":{"allow":["GET"]}}],"collection":[{"href":"https:\/\/accionmk.accionmk.com\/fr\/wp-json\/wp\/v2\/pages"}],"about":[{"href":"https:\/\/accionmk.accionmk.com\/fr\/wp-json\/wp\/v2\/types\/page"}],"author":[{"embeddable":true,"href":"https:\/\/accionmk.accionmk.com\/fr\/wp-json\/wp\/v2\/users\/1"}],"replies":[{"embeddable":true,"href":"https:\/\/accionmk.accionmk.com\/fr\/wp-json\/wp\/v2\/comments?post=10132"}],"version-history":[{"count":6,"href":"https:\/\/accionmk.accionmk.com\/fr\/wp-json\/wp\/v2\/pages\/10132\/revisions"}],"predecessor-version":[{"id":10451,"href":"https:\/\/accionmk.accionmk.com\/fr\/wp-json\/wp\/v2\/pages\/10132\/revisions\/10451"}],"wp:attachment":[{"href":"https:\/\/accionmk.accionmk.com\/fr\/wp-json\/wp\/v2\/media?parent=10132"}],"wp:term":[{"taxonomy":"category","embeddable":true,"href":"https:\/\/accionmk.accionmk.com\/fr\/wp-json\/wp\/v2\/categories?post=10132"},{"taxonomy":"post_tag","embeddable":true,"href":"https:\/\/accionmk.accionmk.com\/fr\/wp-json\/wp\/v2\/tags?post=10132"}],"curies":[{"name":"wp","href":"https:\/\/api.w.org\/{rel}","templated":true}]}}