{"id":10436,"date":"2024-02-17T21:11:11","date_gmt":"2024-02-17T21:11:11","guid":{"rendered":"https:\/\/accionmk.accionmk.com\/?page_id=10436"},"modified":"2024-03-21T08:50:53","modified_gmt":"2024-03-21T08:50:53","slug":"aviso-legal","status":"publish","type":"page","link":"https:\/\/accionmk.accionmk.com\/fr\/avis-juridique\/","title":{"rendered":"Avis juridique"},"content":{"rendered":"<div data-elementor-type=\"wp-page\" data-elementor-id=\"10436\" class=\"elementor elementor-10436\" data-elementor-post-type=\"page\">\n\t\t\t\t<div class=\"elementor-element elementor-element-18c7dce e-flex e-con-boxed e-con e-parent\" data-id=\"18c7dce\" data-element_type=\"container\" data-settings=\"{&quot;background_background&quot;:&quot;classic&quot;,&quot;jet_parallax_layout_list&quot;:[]}\" data-core-v316-plus=\"true\">\n\t\t\t\t\t<div class=\"e-con-inner\">\n\t\t\t\t<div class=\"elementor-element elementor-element-426a359 elementor-widget elementor-widget-heading\" data-id=\"426a359\" data-element_type=\"widget\" data-widget_type=\"heading.default\">\n\t\t\t\t<div class=\"elementor-widget-container\">\n\t\t\t<style>\/*! elementor - v3.20.0 - 10-04-2024 *\/\n.elementor-heading-title{padding:0;margin:0;line-height:1}.elementor-widget-heading .elementor-heading-title[class*=elementor-size-]>a{color:inherit;font-size:inherit;line-height:inherit}.elementor-widget-heading .elementor-heading-title.elementor-size-small{font-size:15px}.elementor-widget-heading .elementor-heading-title.elementor-size-medium{font-size:19px}.elementor-widget-heading .elementor-heading-title.elementor-size-large{font-size:29px}.elementor-widget-heading .elementor-heading-title.elementor-size-xl{font-size:39px}.elementor-widget-heading .elementor-heading-title.elementor-size-xxl{font-size:59px}<\/style><h2 class=\"elementor-heading-title elementor-size-default\">Avis juridique<\/h2>\t\t<\/div>\n\t\t\t\t<\/div>\n\t\t\t\t\t<\/div>\n\t\t\t\t<\/div>\n\t\t<div class=\"elementor-element elementor-element-18586df e-flex e-con-boxed e-con e-parent\" data-id=\"18586df\" data-element_type=\"container\" data-settings=\"{&quot;jet_parallax_layout_list&quot;:[]}\" data-core-v316-plus=\"true\">\n\t\t\t\t\t<div class=\"e-con-inner\">\n\t\t\t\t<div class=\"elementor-element elementor-element-7c86f81 elementor-widget elementor-widget-text-editor\" data-id=\"7c86f81\" data-element_type=\"widget\" data-widget_type=\"text-editor.default\">\n\t\t\t\t<div class=\"elementor-widget-container\">\n\t\t\t<style>\/*! elementor - v3.20.0 - 10-04-2024 *\/\n.elementor-widget-text-editor.elementor-drop-cap-view-stacked .elementor-drop-cap{background-color:#69727d;color:#fff}.elementor-widget-text-editor.elementor-drop-cap-view-framed .elementor-drop-cap{color:#69727d;border:3px solid;background-color:transparent}.elementor-widget-text-editor:not(.elementor-drop-cap-view-default) .elementor-drop-cap{margin-top:8px}.elementor-widget-text-editor:not(.elementor-drop-cap-view-default) .elementor-drop-cap-letter{width:1em;height:1em}.elementor-widget-text-editor .elementor-drop-cap{float:left;text-align:center;line-height:1;font-size:50px}.elementor-widget-text-editor .elementor-drop-cap-letter{display:inline-block}<\/style>\t\t\t\t<div class=\"wpb_text_column wpb_content_element\"><div class=\"wpb_wrapper\"><p>\" Conform\u00e9ment au r\u00e8glement g\u00e9n\u00e9ral sur la protection des donn\u00e9es (UE) 2016\/679 du Parlement europ\u00e9en et du Conseil du 27 avril 2016 et \u00e0 la loi organique 3\/2018 du 5 d\u00e9cembre sur la protection des donn\u00e9es \u00e0 caract\u00e8re personnel et la garantie des droits num\u00e9riques, nous vous informons que les donn\u00e9es fournies par vous seront trait\u00e9es par ASESORIA Y CONSULTORIA DE COMERCIALIZACION Y MARKETING S.L., dont le si\u00e8ge social se trouve \u00e0 MALAGA (MALAGA), en Espagne. Les donn\u00e9es fournies seront trait\u00e9es par ASESORIA Y CONSULTORIA DE COMERCIALIZACION Y MARKETING S.L. avec CIF B92461185, avec adresse \u00e0 MALAGA (MALAGA), C.P. 29005, CALLE SALVAGO N\u00ba 2, PLANTA 3\u00ba, PUERTA D 2 , afin de vous fournir le service demand\u00e9 et\/ou contract\u00e9, et d'effectuer la facturation de celui-ci.<\/p><p>La base juridique du traitement de vos donn\u00e9es est l'ex\u00e9cution du service contract\u00e9 et\/ou demand\u00e9 par vous. L'offre prospective de produits et de services est bas\u00e9e sur le consentement que vous avez demand\u00e9, sans que le retrait de ce consentement ne conditionne en aucun cas l'ex\u00e9cution du contrat.<\/p><p>Les donn\u00e9es fournies seront conserv\u00e9es aussi longtemps que la relation commerciale est maintenue ou pendant les ann\u00e9es n\u00e9cessaires pour se conformer aux obligations l\u00e9gales. Les donn\u00e9es ne seront pas transmises \u00e0 des tiers, sauf en cas d'obligation l\u00e9gale.<\/p><p>Vous avez le droit d'obtenir la confirmation que ASESORIA Y CONSULTORIA DE COMERCIALIZACION Y MARKETING S.L. traite vos donn\u00e9es personnelles et vous avez donc le droit d'exercer vos droits d'acc\u00e8s, de rectification, de limitation du traitement, de portabilit\u00e9, d'opposition au traitement et de suppression de vos donn\u00e9es en \u00e9crivant \u00e0 l'adresse postale ou \u00e0 l'adresse \u00e9lectronique administracion@accionmk.com, en joignant une copie de votre carte d'identit\u00e9 dans les deux cas, ainsi que le droit d'introduire une r\u00e9clamation aupr\u00e8s de l'autorit\u00e9 de contr\u00f4le (aepd.es).<\/p><p>Nous vous demandons \u00e9galement l'autorisation de vous proposer des produits et services li\u00e9s \u00e0 ceux demand\u00e9s, fournis et\/ou commercialis\u00e9s par notre entit\u00e9 et de pouvoir ainsi vous conserver comme client.<\/p><\/div><\/div>\t\t\t\t\t\t<\/div>\n\t\t\t\t<\/div>\n\t\t\t\t\t<\/div>\n\t\t\t\t<\/div>\n\t\t\t\t<\/div>","protected":false},"excerpt":{"rendered":"<p>\u00abEn cumplimiento del Reglamento General de Protecci\u00f3n de Datos (UE) 2016\/679 del Parlamento Europeo y del Consejo de 27 de abril de 2016 y la ley org\u00e1nica 3\/2018 de 5 de diciembre de Protecci\u00f3n de Datos Personales y de Garant\u00eda de los Derechos Digitales le informamos que los datos por Vd. proporcionados ser\u00e1n objeto de [&hellip;]<\/p>","protected":false},"author":1,"featured_media":0,"parent":0,"menu_order":0,"comment_status":"closed","ping_status":"closed","template":"","meta":{"footnotes":""},"categories":[],"tags":[],"class_list":["post-10436","page","type-page","status-publish","hentry"],"_links":{"self":[{"href":"https:\/\/accionmk.accionmk.com\/fr\/wp-json\/wp\/v2\/pages\/10436","targetHints":{"allow":["GET"]}}],"collection":[{"href":"https:\/\/accionmk.accionmk.com\/fr\/wp-json\/wp\/v2\/pages"}],"about":[{"href":"https:\/\/accionmk.accionmk.com\/fr\/wp-json\/wp\/v2\/types\/page"}],"author":[{"embeddable":true,"href":"https:\/\/accionmk.accionmk.com\/fr\/wp-json\/wp\/v2\/users\/1"}],"replies":[{"embeddable":true,"href":"https:\/\/accionmk.accionmk.com\/fr\/wp-json\/wp\/v2\/comments?post=10436"}],"version-history":[{"count":7,"href":"https:\/\/accionmk.accionmk.com\/fr\/wp-json\/wp\/v2\/pages\/10436\/revisions"}],"predecessor-version":[{"id":11990,"href":"https:\/\/accionmk.accionmk.com\/fr\/wp-json\/wp\/v2\/pages\/10436\/revisions\/11990"}],"wp:attachment":[{"href":"https:\/\/accionmk.accionmk.com\/fr\/wp-json\/wp\/v2\/media?parent=10436"}],"wp:term":[{"taxonomy":"category","embeddable":true,"href":"https:\/\/accionmk.accionmk.com\/fr\/wp-json\/wp\/v2\/categories?post=10436"},{"taxonomy":"post_tag","embeddable":true,"href":"https:\/\/accionmk.accionmk.com\/fr\/wp-json\/wp\/v2\/tags?post=10436"}],"curies":[{"name":"wp","href":"https:\/\/api.w.org\/{rel}","templated":true}]}}