{"id":10444,"date":"2024-02-17T21:29:42","date_gmt":"2024-02-17T21:29:42","guid":{"rendered":"https:\/\/accionmk.accionmk.com\/?page_id=10444"},"modified":"2024-02-17T21:35:56","modified_gmt":"2024-02-17T21:35:56","slug":"politica-de-privacidad","status":"publish","type":"page","link":"https:\/\/accionmk.accionmk.com\/fr\/politique-de-confidentialite\/","title":{"rendered":"Politique de confidentialit\u00e9"},"content":{"rendered":"<div data-elementor-type=\"wp-page\" data-elementor-id=\"10444\" class=\"elementor elementor-10444\" data-elementor-post-type=\"page\">\n\t\t\t\t<div class=\"elementor-element elementor-element-18c7dce e-flex e-con-boxed e-con e-parent\" data-id=\"18c7dce\" data-element_type=\"container\" data-settings=\"{&quot;background_background&quot;:&quot;classic&quot;,&quot;jet_parallax_layout_list&quot;:[]}\" data-core-v316-plus=\"true\">\n\t\t\t\t\t<div class=\"e-con-inner\">\n\t\t\t\t<div class=\"elementor-element elementor-element-426a359 elementor-widget elementor-widget-heading\" data-id=\"426a359\" data-element_type=\"widget\" data-widget_type=\"heading.default\">\n\t\t\t\t<div class=\"elementor-widget-container\">\n\t\t\t<style>\/*! elementor - v3.20.0 - 10-04-2024 *\/\n.elementor-heading-title{padding:0;margin:0;line-height:1}.elementor-widget-heading .elementor-heading-title[class*=elementor-size-]>a{color:inherit;font-size:inherit;line-height:inherit}.elementor-widget-heading .elementor-heading-title.elementor-size-small{font-size:15px}.elementor-widget-heading .elementor-heading-title.elementor-size-medium{font-size:19px}.elementor-widget-heading .elementor-heading-title.elementor-size-large{font-size:29px}.elementor-widget-heading .elementor-heading-title.elementor-size-xl{font-size:39px}.elementor-widget-heading .elementor-heading-title.elementor-size-xxl{font-size:59px}<\/style><h2 class=\"elementor-heading-title elementor-size-default\">Politique de confidentialit\u00e9<\/h2>\t\t<\/div>\n\t\t\t\t<\/div>\n\t\t\t\t\t<\/div>\n\t\t\t\t<\/div>\n\t\t<div class=\"elementor-element elementor-element-18586df e-flex e-con-boxed e-con e-parent\" data-id=\"18586df\" data-element_type=\"container\" data-settings=\"{&quot;jet_parallax_layout_list&quot;:[]}\" data-core-v316-plus=\"true\">\n\t\t\t\t\t<div class=\"e-con-inner\">\n\t\t\t\t<div class=\"elementor-element elementor-element-7c86f81 elementor-widget elementor-widget-text-editor\" data-id=\"7c86f81\" data-element_type=\"widget\" data-widget_type=\"text-editor.default\">\n\t\t\t\t<div class=\"elementor-widget-container\">\n\t\t\t<style>\/*! elementor - v3.20.0 - 10-04-2024 *\/\n.elementor-widget-text-editor.elementor-drop-cap-view-stacked .elementor-drop-cap{background-color:#69727d;color:#fff}.elementor-widget-text-editor.elementor-drop-cap-view-framed .elementor-drop-cap{color:#69727d;border:3px solid;background-color:transparent}.elementor-widget-text-editor:not(.elementor-drop-cap-view-default) .elementor-drop-cap{margin-top:8px}.elementor-widget-text-editor:not(.elementor-drop-cap-view-default) .elementor-drop-cap-letter{width:1em;height:1em}.elementor-widget-text-editor .elementor-drop-cap{float:left;text-align:center;line-height:1;font-size:50px}.elementor-widget-text-editor .elementor-drop-cap-letter{display:inline-block}<\/style>\t\t\t\t<div class=\"wpb_text_column wpb_content_element\"><div class=\"wpb_wrapper\"><p>ASESORIA Y CONSULTORIA DE COMERCIALIZACION Y MARKETING accorde une grande importance \u00e0 la protection de la vie priv\u00e9e et souhaite maintenir une attitude ouverte et transparente dans le traitement de vos donn\u00e9es personnelles. C'est pourquoi nous avons mis en place une politique qui d\u00e9finit la mani\u00e8re dont vos donn\u00e9es personnelles sont trait\u00e9es et prot\u00e9g\u00e9es.<br \/><br \/>Qui est responsable du traitement de vos donn\u00e9es ?<br \/>ASESORIA Y CONSULTORIA DE COMERCIALIZACION Y MARKETING : CIF : B92461185 : Adresse postale : MALAGA (MALAGA), C.P. 29005, CALLE SALVAGO N\u00ba 2, PLANTA 3\u00ba, PUERTA D 2 : E-mail:administracion@accionmk.com<\/p><p>\u00c0 quelles fins traitons-nous vos donn\u00e9es personnelles ?<br \/>ASESORIA Y CONSULTORIA DE COMERCIALIZACION Y MARKETING traite les informations fournies par les int\u00e9ress\u00e9s afin d'effectuer la gestion administrative, comptable et fiscale des services demand\u00e9s, ainsi que pour envoyer des communications commerciales sur nos produits et services, pour lesquelles vous avez donn\u00e9 votre consentement.<\/p><p>Combien de temps conserverons-nous vos donn\u00e9es ?<br \/>Les donn\u00e9es seront conserv\u00e9es aussi longtemps que la relation commerciale est maintenue et, le cas \u00e9ch\u00e9ant, pendant les ann\u00e9es n\u00e9cessaires pour respecter les obligations l\u00e9gales applicables.<\/p><p>Quelle est la l\u00e9gitimit\u00e9 du traitement de vos donn\u00e9es ?<\/p><p>Nous indiquons la base juridique du traitement de vos donn\u00e9es :<\/p><ul><li>Ex\u00e9cution d'un contrat : fourniture des services demand\u00e9s.<\/li><li>Consentement de l'int\u00e9ress\u00e9 : envoi de communications commerciales.<\/li><\/ul><p><br \/>\u00c0 quels destinataires vos donn\u00e9es seront-elles communiqu\u00e9es ?<br \/>Vos donn\u00e9es ne seront divulgu\u00e9es qu'\u00e0 des tiers pour lesquels nous avons obtenu votre consentement et afin de respecter les obligations l\u00e9gales.<\/p><p>Transferts de donn\u00e9es vers des pays tiers.<br \/>Il n'est pas pr\u00e9vu de transf\u00e9rer des donn\u00e9es \u00e0 des pays tiers.<br \/><br \/>Quels sont vos droits lorsque vous nous fournissez vos donn\u00e9es ?<br \/>Toute personne a le droit d'obtenir la confirmation que ASESORIA Y CONSULTORIA DE COMERCIALIZACION Y MARKETING traite ou non des donn\u00e9es \u00e0 caract\u00e8re personnel la concernant.<\/p><p>Les personnes int\u00e9ress\u00e9es ont le droit d'acc\u00e9der \u00e0 leurs donn\u00e9es personnelles, ainsi que de demander la rectification des donn\u00e9es inexactes ou, le cas \u00e9ch\u00e9ant, de demander leur suppression lorsque, entre autres raisons, les donn\u00e9es ne sont plus n\u00e9cessaires aux fins pour lesquelles elles ont \u00e9t\u00e9 collect\u00e9es.<\/p><p>Dans certaines circonstances, les personnes concern\u00e9es peuvent nous demander de limiter le traitement de leurs donn\u00e9es, auquel cas nous ne conserverons les donn\u00e9es que dans le but d'exercer ou de d\u00e9fendre des r\u00e9clamations.<\/p><p>Dans certaines circonstances et pour des raisons tenant \u00e0 leur situation particuli\u00e8re, les personnes concern\u00e9es peuvent s'opposer au traitement de leurs donn\u00e9es. Dans ce cas, ASESORIA Y CONSULTORIA DE COMERCIALIZACION Y MARKETING cessera de traiter les donn\u00e9es, sauf pour des raisons l\u00e9gitimes imp\u00e9rieuses, ou pour l'exercice ou la d\u00e9fense d'\u00e9ventuelles r\u00e9clamations.<\/p><p>Vous pouvez exercer mat\u00e9riellement vos droits de la mani\u00e8re suivante : en \u00e9crivant \u00e0 l'adresse \u00e9lectronique du responsable du traitement indiqu\u00e9e ci-dessus, en joignant une copie de votre carte d'identit\u00e9 ou de votre document d'identit\u00e9.<\/p><p>Si vous avez donn\u00e9 votre consentement pour une finalit\u00e9 sp\u00e9cifique, vous avez le droit de le retirer \u00e0 tout moment, sans que cela n'affecte la l\u00e9galit\u00e9 du traitement fond\u00e9 sur votre consentement avant son retrait.<\/p><p>Si vous estimez que vos droits concernant la protection de vos donn\u00e9es personnelles ont \u00e9t\u00e9 viol\u00e9s, en particulier lorsque vous n'avez pas obtenu satisfaction dans l'exercice de vos droits, vous pouvez introduire une plainte aupr\u00e8s de l'autorit\u00e9 de contr\u00f4le de la protection des donn\u00e9es comp\u00e9tente via son site web : www.accionmk.com.<\/p><p>Comment avons-nous obtenu vos donn\u00e9es ?<br \/>Les donn\u00e9es personnelles trait\u00e9es par ASESORIA Y CONSULTORIA DE COMERCIALIZACION Y MARKETING ont \u00e9t\u00e9 fournies directement par l'int\u00e9ress\u00e9.<br \/>Les cat\u00e9gories de donn\u00e9es trait\u00e9es sont les suivantes :<\/p><ul><li>Donn\u00e9es d'identification.<\/li><li>Adresses postale et \u00e9lectronique.<\/li><li>Informations commerciales.<\/li><\/ul><p>\u00a0<\/p><\/div><\/div>\t\t\t\t\t\t<\/div>\n\t\t\t\t<\/div>\n\t\t\t\t<div class=\"elementor-element elementor-element-a02b585 elementor-widget elementor-widget-accordion\" data-id=\"a02b585\" data-element_type=\"widget\" data-widget_type=\"accordion.default\">\n\t\t\t\t<div class=\"elementor-widget-container\">\n\t\t\t<style>\/*! elementor - v3.20.0 - 10-04-2024 *\/\n.elementor-accordion{text-align:left}.elementor-accordion .elementor-accordion-item{border:1px solid #d5d8dc}.elementor-accordion .elementor-accordion-item+.elementor-accordion-item{border-top:none}.elementor-accordion .elementor-tab-title{margin:0;padding:15px 20px;font-weight:700;line-height:1;cursor:pointer;outline:none}.elementor-accordion .elementor-tab-title .elementor-accordion-icon{display:inline-block;width:1.5em}.elementor-accordion .elementor-tab-title .elementor-accordion-icon svg{width:1em;height:1em}.elementor-accordion .elementor-tab-title .elementor-accordion-icon.elementor-accordion-icon-right{float:right;text-align:right}.elementor-accordion .elementor-tab-title .elementor-accordion-icon.elementor-accordion-icon-left{float:left;text-align:left}.elementor-accordion .elementor-tab-title .elementor-accordion-icon .elementor-accordion-icon-closed{display:block}.elementor-accordion .elementor-tab-title .elementor-accordion-icon .elementor-accordion-icon-opened,.elementor-accordion .elementor-tab-title.elementor-active .elementor-accordion-icon-closed{display:none}.elementor-accordion .elementor-tab-title.elementor-active .elementor-accordion-icon-opened{display:block}.elementor-accordion .elementor-tab-content{display:none;padding:15px 20px;border-top:1px solid #d5d8dc}@media (max-width:767px){.elementor-accordion .elementor-tab-title{padding:12px 15px}.elementor-accordion .elementor-tab-title .elementor-accordion-icon{width:1.2em}.elementor-accordion .elementor-tab-content{padding:7px 15px}}.e-con-inner>.elementor-widget-accordion,.e-con>.elementor-widget-accordion{width:var(--container-widget-width);--flex-grow:var(--container-widget-flex-grow)}<\/style>\t\t<div class=\"elementor-accordion\">\n\t\t\t\t\t\t\t<div class=\"elementor-accordion-item\">\n\t\t\t\t\t<div id=\"elementor-tab-title-1671\" class=\"elementor-tab-title\" data-tab=\"1\" role=\"button\" aria-controls=\"elementor-tab-content-1671\" aria-expanded=\"false\">\n\t\t\t\t\t\t\t\t\t\t\t\t\t<span class=\"elementor-accordion-icon elementor-accordion-icon-left\" aria-hidden=\"true\">\n\t\t\t\t\t\t\t\t\t\t\t\t\t\t\t<span class=\"elementor-accordion-icon-closed\"><i class=\"fas fa-plus\"><\/i><\/span>\n\t\t\t\t\t\t\t\t<span class=\"elementor-accordion-icon-opened\"><i class=\"fas fa-minus\"><\/i><\/span>\n\t\t\t\t\t\t\t\t\t\t\t\t\t\t<\/span>\n\t\t\t\t\t\t\t\t\t\t\t\t<a class=\"elementor-accordion-title\" tabindex=\"0\">Utilisation des cookies et du fichier d'activit\u00e9<\/a>\n\t\t\t\t\t<\/div>\n\t\t\t\t\t<div id=\"elementor-tab-content-1671\" class=\"elementor-tab-content elementor-clearfix\" data-tab=\"1\" role=\"region\" aria-labelledby=\"elementor-tab-title-1671\"><div id=\"ui-id-2\" class=\"wpb_accordion_content ui-accordion-content vc_clearfix ui-corner-bottom ui-helper-reset ui-widget-content ui-accordion-content-active\" role=\"tabpanel\" aria-labelledby=\"ui-id-1\" aria-hidden=\"false\"><div class=\"wpb_text_column wpb_content_element\"><div class=\"wpb_wrapper\"><p>Le fournisseur, pour son propre compte ou pour celui d'un tiers charg\u00e9 de fournir des services de mesure, peut utiliser des cookies lorsqu'un utilisateur navigue sur le site web. Les cookies sont des fichiers envoy\u00e9s au navigateur par un serveur web afin d'enregistrer les activit\u00e9s de l'utilisateur pendant sa navigation.<\/p><p>Les cookies utilis\u00e9s par le site web sont uniquement associ\u00e9s \u00e0 un utilisateur anonyme et \u00e0 son ordinateur, et ne fournissent pas en eux-m\u00eames les donn\u00e9es personnelles de l'utilisateur.<\/p><p>L'utilisation de cookies permet au serveur o\u00f9 se trouve le site web de reconna\u00eetre le navigateur web utilis\u00e9 par l'utilisateur afin de faciliter la navigation, en permettant, par exemple, aux utilisateurs qui se sont pr\u00e9alablement enregistr\u00e9s d'acc\u00e9der \u00e0 des zones, des services, des promotions ou des concours qui leur sont exclusivement r\u00e9serv\u00e9s, sans avoir \u00e0 s'enregistrer \u00e0 chaque visite. Ils sont \u00e9galement utilis\u00e9s pour mesurer les param\u00e8tres d'audience et de trafic, contr\u00f4ler la progression et le nombre de participations.<\/p><p>L'utilisateur a la possibilit\u00e9 de configurer son navigateur pour \u00eatre averti de la r\u00e9ception de cookies et pour emp\u00eacher leur installation sur son ordinateur. Veuillez consulter les instructions et les manuels de votre navigateur pour de plus amples informations.<\/p><p>Pour utiliser le site web, il n'est pas n\u00e9cessaire que l'utilisateur autorise l'installation des cookies envoy\u00e9s par le site web, ou le tiers agissant en son nom, sans pr\u00e9judice du fait qu'il est n\u00e9cessaire que l'utilisateur s'identifie en tant que tel dans chacun des services dont la prestation n\u00e9cessite un enregistrement pr\u00e9alable ou \"login\".<\/p><p>Les cookies utilis\u00e9s sur ce site sont, en tout \u00e9tat de cause, de nature temporaire, dans le seul but de rendre plus efficace leur transmission ult\u00e9rieure. Les cookies ne sont en aucun cas utilis\u00e9s pour collecter des informations personnelles.<\/p><\/div><\/div><\/div><\/div>\n\t\t\t\t<\/div>\n\t\t\t\t\t\t\t<div class=\"elementor-accordion-item\">\n\t\t\t\t\t<div id=\"elementor-tab-title-1672\" class=\"elementor-tab-title\" data-tab=\"2\" role=\"button\" aria-controls=\"elementor-tab-content-1672\" aria-expanded=\"false\">\n\t\t\t\t\t\t\t\t\t\t\t\t\t<span class=\"elementor-accordion-icon elementor-accordion-icon-left\" aria-hidden=\"true\">\n\t\t\t\t\t\t\t\t\t\t\t\t\t\t\t<span class=\"elementor-accordion-icon-closed\"><i class=\"fas fa-plus\"><\/i><\/span>\n\t\t\t\t\t\t\t\t<span class=\"elementor-accordion-icon-opened\"><i class=\"fas fa-minus\"><\/i><\/span>\n\t\t\t\t\t\t\t\t\t\t\t\t\t\t<\/span>\n\t\t\t\t\t\t\t\t\t\t\t\t<a class=\"elementor-accordion-title\" tabindex=\"0\">ADRESSES IP<\/a>\n\t\t\t\t\t<\/div>\n\t\t\t\t\t<div id=\"elementor-tab-content-1672\" class=\"elementor-tab-content elementor-clearfix\" data-tab=\"2\" role=\"region\" aria-labelledby=\"elementor-tab-title-1672\"><p>Les serveurs du site web peuvent d\u00e9tecter automatiquement l'adresse IP et le nom de domaine utilis\u00e9s par l'utilisateur. L'adresse IP est un num\u00e9ro attribu\u00e9 automatiquement \u00e0 un ordinateur lorsqu'il se connecte \u00e0 Internet. Toutes ces informations sont enregistr\u00e9es dans un fichier d'activit\u00e9 du serveur d\u00fbment enregistr\u00e9 qui permet le traitement ult\u00e9rieur des donn\u00e9es afin d'obtenir des mesures purement statistiques permettant de conna\u00eetre le nombre d'impressions de pages, le nombre de visites effectu\u00e9es sur les services web, l'ordre des visites, le point d'acc\u00e8s, etc.<\/p><\/div>\n\t\t\t\t<\/div>\n\t\t\t\t\t\t\t<div class=\"elementor-accordion-item\">\n\t\t\t\t\t<div id=\"elementor-tab-title-1673\" class=\"elementor-tab-title\" data-tab=\"3\" role=\"button\" aria-controls=\"elementor-tab-content-1673\" aria-expanded=\"false\">\n\t\t\t\t\t\t\t\t\t\t\t\t\t<span class=\"elementor-accordion-icon elementor-accordion-icon-left\" aria-hidden=\"true\">\n\t\t\t\t\t\t\t\t\t\t\t\t\t\t\t<span class=\"elementor-accordion-icon-closed\"><i class=\"fas fa-plus\"><\/i><\/span>\n\t\t\t\t\t\t\t\t<span class=\"elementor-accordion-icon-opened\"><i class=\"fas fa-minus\"><\/i><\/span>\n\t\t\t\t\t\t\t\t\t\t\t\t\t\t<\/span>\n\t\t\t\t\t\t\t\t\t\t\t\t<a class=\"elementor-accordion-title\" tabindex=\"0\">S\u00c9CURIT\u00c9<\/a>\n\t\t\t\t\t<\/div>\n\t\t\t\t\t<div id=\"elementor-tab-content-1673\" class=\"elementor-tab-content elementor-clearfix\" data-tab=\"3\" role=\"region\" aria-labelledby=\"elementor-tab-title-1673\"><div id=\"ui-id-6\" class=\"wpb_accordion_content ui-accordion-content vc_clearfix ui-corner-bottom ui-helper-reset ui-widget-content ui-accordion-content-active\" role=\"tabpanel\" aria-labelledby=\"ui-id-5\" aria-hidden=\"false\"><div class=\"wpb_text_column wpb_content_element\"><div class=\"wpb_wrapper\"><p>Le site web utilise des techniques de s\u00e9curit\u00e9 de l'information g\u00e9n\u00e9ralement accept\u00e9es dans l'industrie, telles que des pare-feu, des proc\u00e9dures de contr\u00f4le d'acc\u00e8s et des m\u00e9canismes cryptographiques, dans le but d'emp\u00eacher tout acc\u00e8s non autoris\u00e9 aux donn\u00e9es. Pour atteindre ces objectifs, l'utilisateur\/client accepte que le fournisseur obtienne des donn\u00e9es aux fins de l'authentification correspondante des contr\u00f4les d'acc\u00e8s.<\/p><p>Tout processus contractuel ou impliquant l'introduction de donn\u00e9es \u00e0 caract\u00e8re hautement personnel (sant\u00e9, id\u00e9ologie,...) sera toujours transmis au moyen d'un protocole de communication s\u00e9curis\u00e9 (Https:\/\/,...), de sorte qu'aucun tiers n'ait acc\u00e8s aux informations transmises par voie \u00e9lectronique.<\/p><\/div><\/div><\/div><\/div>\n\t\t\t\t<\/div>\n\t\t\t\t\t\t\t\t\t\t<script type=\"application\/ld+json\">{\n    \"@context\": \"https:\\\/\\\/schema.org\",\n    \"@type\": \"FAQPage\",\n    \"mainEntity\": [\n        {\n            \"@type\": \"Question\",\n            \"name\": \"Uso de Cookies y del fichero de actividad\",\n            \"acceptedAnswer\": {\n                \"@type\": \"Answer\",\n                \"text\": \"<div id=\\\"ui-id-2\\\" class=\\\"wpb_accordion_content ui-accordion-content vc_clearfix ui-corner-bottom ui-helper-reset ui-widget-content ui-accordion-content-active\\\" role=\\\"tabpanel\\\" aria-labelledby=\\\"ui-id-1\\\" aria-hidden=\\\"false\\\"><div class=\\\"wpb_text_column wpb_content_element  \\\"><div class=\\\"wpb_wrapper\\\"><p>El prestador por su propia cuenta o la de un tercero contratado para la prestaci\\u00f3n de servicios de medici\\u00f3n, pueden utilizar cookies cuando un usuario navega por el sitio web. Las cookies son ficheros enviados al navegador por medio de un servidor web con la finalidad de registrar las actividades del usuario durante su tiempo de navegaci\\u00f3n.<\\\/p><p>Las cookies utilizadas por el sitio web se asocian \\u00fanicamente con un usuario an\\u00f3nimo y su ordenador, y no proporcionan por s\\u00ed mismas los datos personales del usuario.<\\\/p><p>Mediante el uso de las cookies resulta posible que el servidor donde se encuentra la web, reconozca el navegador web utilizado por el usuario con la finalidad de que la navegaci\\u00f3n sea m\\u00e1s sencilla, permitiendo, por ejemplo, el acceso a los usuarios que se hayan registrado previamente, acceder a las \\u00e1reas, servicios, promociones o concursos reservados exclusivamente a ellos sin tener que registrarse en cada visita. Se utilizan tambi\\u00e9n para medir la audiencia y par\\u00e1metros del tr\\u00e1fico, controlar el progreso y n\\u00famero de entradas.<\\\/p><p>El usuario tiene la posibilidad de configurar su navegador para ser avisado de la recepci\\u00f3n de cookies y para impedir su instalaci\\u00f3n en su equipo. Por favor, consulte las instrucciones y manuales de su navegador para ampliar esta informaci\\u00f3n.<\\\/p><p>Para utilizar el sitio web, no resulta necesario que el usuario permita la instalaci\\u00f3n de las cookies enviadas por el sitio web, o el tercero que act\\u00fae en su nombre, sin perjuicio de que sea necesario que el usuario inicie una sesi\\u00f3n como tal en cada uno de los servicios cuya prestaci\\u00f3n requiera el previo registro o \\u201clogin\\u201d.<\\\/p><p>Las cookies utilizadas en este sitio web tienen, en todo caso, car\\u00e1cter temporal con la \\u00fanica finalidad de hacer m\\u00e1s eficaz su transmisi\\u00f3n ulterior. En ning\\u00fan caso se utilizar\\u00e1n las cookies para recoger informaci\\u00f3n de car\\u00e1cter personal.<\\\/p><\\\/div><\\\/div><\\\/div>\"\n            }\n        },\n        {\n            \"@type\": \"Question\",\n            \"name\": \"DIRECCIONES IP\",\n            \"acceptedAnswer\": {\n                \"@type\": \"Answer\",\n                \"text\": \"<p>Los servidores del sitio web podr\\u00e1n detectar de manera autom\\u00e1tica la direcci\\u00f3n IP y el nombre de dominio utilizados por el usuario. Una direcci\\u00f3n IP es un n\\u00famero asignado autom\\u00e1ticamente a un ordenador cuando \\u00e9sta se conecta a Internet. Toda esta informaci\\u00f3n es registrada en un fichero de actividad del servidor debidamente inscrito que permite el posterior procesamiento de los datos con el fin de obtener mediciones \\u00fanicamente estad\\u00edsticas que permitan conocer el n\\u00famero de impresiones de p\\u00e1ginas, el n\\u00famero de visitas realizadas a los servicios web, el orden de visitas, el punto de acceso, etc.<\\\/p>\"\n            }\n        },\n        {\n            \"@type\": \"Question\",\n            \"name\": \"SEGURIDAD\",\n            \"acceptedAnswer\": {\n                \"@type\": \"Answer\",\n                \"text\": \"<div id=\\\"ui-id-6\\\" class=\\\"wpb_accordion_content ui-accordion-content vc_clearfix ui-corner-bottom ui-helper-reset ui-widget-content ui-accordion-content-active\\\" role=\\\"tabpanel\\\" aria-labelledby=\\\"ui-id-5\\\" aria-hidden=\\\"false\\\"><div class=\\\"wpb_text_column wpb_content_element  \\\"><div class=\\\"wpb_wrapper\\\"><p>El sitio web utiliza t\\u00e9cnicas de seguridad de la informaci\\u00f3n generalmente aceptadas en la industria, tales como firewalls, procedimientos de control de acceso y mecanismos criptogr\\u00e1ficos, todo ello con el objeto de evitar el acceso no autorizado a los datos. Para lograr estos fines, el usuario\\\/cliente acepta que el prestador obtenga datos para efectos de la correspondiente autenticaci\\u00f3n de los controles de acceso.<\\\/p><p>Todo proceso de contrataci\\u00f3n o que conlleve la introducci\\u00f3n de datos personales de car\\u00e1cter alto (salud, ideolog\\u00eda,\\u2026) ser\\u00e1n siempre transmitidos mediante protocolo de comunicaci\\u00f3n segura (Https:\\\/\\\/,\\u2026), de tal forma que ning\\u00fan tercero tenga acceso a la informaci\\u00f3n transmitida v\\u00eda electr\\u00f3nica.<\\\/p><\\\/div><\\\/div><\\\/div>\"\n            }\n        }\n    ]\n}<\/script>\n\t\t\t\t\t<\/div>\n\t\t\t\t<\/div>\n\t\t\t\t<\/div>\n\t\t\t\t\t<\/div>\n\t\t\t\t<\/div>\n\t\t\t\t<\/div>","protected":false},"excerpt":{"rendered":"<p>La privacidad es de gran importancia para ASESORIA Y CONSULTORIA DE COMERCIALIZACION Y MARKETING y queremos mantener una actitud abierta y transparente al tratar sus datos personales. Por lo tanto, disponemos de una pol\u00edtica que establece c\u00f3mo se tratan y protegen sus datos personales. \u00bfQui\u00e9n es el responsable del tratamiento de sus datos?ASESORIA Y CONSULTORIA [&hellip;]<\/p>","protected":false},"author":1,"featured_media":0,"parent":0,"menu_order":0,"comment_status":"closed","ping_status":"closed","template":"","meta":{"footnotes":""},"categories":[],"tags":[],"class_list":["post-10444","page","type-page","status-publish","hentry"],"_links":{"self":[{"href":"https:\/\/accionmk.accionmk.com\/fr\/wp-json\/wp\/v2\/pages\/10444","targetHints":{"allow":["GET"]}}],"collection":[{"href":"https:\/\/accionmk.accionmk.com\/fr\/wp-json\/wp\/v2\/pages"}],"about":[{"href":"https:\/\/accionmk.accionmk.com\/fr\/wp-json\/wp\/v2\/types\/page"}],"author":[{"embeddable":true,"href":"https:\/\/accionmk.accionmk.com\/fr\/wp-json\/wp\/v2\/users\/1"}],"replies":[{"embeddable":true,"href":"https:\/\/accionmk.accionmk.com\/fr\/wp-json\/wp\/v2\/comments?post=10444"}],"version-history":[{"count":4,"href":"https:\/\/accionmk.accionmk.com\/fr\/wp-json\/wp\/v2\/pages\/10444\/revisions"}],"predecessor-version":[{"id":10448,"href":"https:\/\/accionmk.accionmk.com\/fr\/wp-json\/wp\/v2\/pages\/10444\/revisions\/10448"}],"wp:attachment":[{"href":"https:\/\/accionmk.accionmk.com\/fr\/wp-json\/wp\/v2\/media?parent=10444"}],"wp:term":[{"taxonomy":"category","embeddable":true,"href":"https:\/\/accionmk.accionmk.com\/fr\/wp-json\/wp\/v2\/categories?post=10444"},{"taxonomy":"post_tag","embeddable":true,"href":"https:\/\/accionmk.accionmk.com\/fr\/wp-json\/wp\/v2\/tags?post=10444"}],"curies":[{"name":"wp","href":"https:\/\/api.w.org\/{rel}","templated":true}]}}